{"id":118,"date":"2025-01-02T14:13:50","date_gmt":"2025-01-02T13:13:50","guid":{"rendered":"https:\/\/dfxpictures.com\/?page_id=118"},"modified":"2025-01-08T10:28:00","modified_gmt":"2025-01-08T09:28:00","slug":"mentions-legales","status":"publish","type":"page","link":"https:\/\/dfxpictures.com\/?page_id=118","title":{"rendered":"Mentions l\u00e9gales"},"content":{"rendered":"\n<p class=\"wp-block-paragraph\">Ce site internet est \u00e9dit\u00e9 par Damien FAYEAUX et ci-dessous d\u00e9sign\u00e9 par \u00ab\u00a0l&rsquo;Auteur\u00a0\u00bb. Il vise \u00e0 pr\u00e9senter le travail photographique de l\u2019Auteur.<\/p>\n\n\n\n<ol class=\"wp-block-list\">\n<li><strong>Droits d&rsquo;Auteur<\/strong><\/li>\n<\/ol>\n\n\n\n<p class=\"wp-block-paragraph\">Toutes les photographies de ce site sont la propri\u00e9t\u00e9 exclusive de l&rsquo;Auteur et prot\u00e9g\u00e9es par les lois internationales sur le copyright et le Code de la Propri\u00e9t\u00e9 Intellectuelle.&nbsp;Ainsi, toute repr\u00e9sentation ou reproduction totale ou partielle de ces \u00e9l\u00e9ments, par quelque proc\u00e9d\u00e9 que ce soit,&nbsp;est interdite et constituerait une contrefa\u00e7on sanctionn\u00e9e par les articles L.335-2 et suivants&nbsp;du code de la propri\u00e9t\u00e9 intellectuelle. Elles ne peuvent \u00eatre utilis\u00e9es, sous quelque forme que ce&nbsp;soit, sans une autorisation \u00e9crite de son auteur, ou sans avoir sign\u00e9 un contrat de cession de droits d&rsquo;auteur.<\/p>\n\n\n\n<p class=\"wp-block-paragraph\">2.<strong> H\u00e9bergement<br><\/strong><br>Ce site internet est h\u00e9berg\u00e9 chez OVH,\u00a0 2 rue Kellermann &#8211; 59 100 Roubaix, France.<\/p>\n","protected":false},"excerpt":{"rendered":"<p>Ce site internet est \u00e9dit\u00e9 par Damien FAYEAUX et ci-dessous d\u00e9sign\u00e9 par \u00ab\u00a0l&rsquo;Auteur\u00a0\u00bb. Il vise \u00e0 pr\u00e9senter le travail photographique de l\u2019Auteur. Toutes les photographies de ce site sont la propri\u00e9t\u00e9 exclusive de l&rsquo;Auteur et prot\u00e9g\u00e9es par les lois internationales sur le copyright et le Code de la Propri\u00e9t\u00e9 Intellectuelle.&nbsp;Ainsi, toute repr\u00e9sentation ou reproduction totale [&hellip;]<\/p>\n","protected":false},"author":1,"featured_media":0,"parent":73,"menu_order":0,"comment_status":"closed","ping_status":"closed","template":"","meta":{"_crdt_document":"","footnotes":""},"class_list":["post-118","page","type-page","status-publish","hentry","post-preview"],"yoast_head":"<!-- This site is optimized with the Yoast SEO plugin v24.2 - https:\/\/yoast.com\/wordpress\/plugins\/seo\/ -->\n<title>Mentions l\u00e9gales - DFX PICTURES<\/title>\n<meta name=\"robots\" content=\"index, follow, max-snippet:-1, max-image-preview:large, max-video-preview:-1\" \/>\n<link rel=\"canonical\" href=\"https:\/\/dfxpictures.com\/?page_id=118\" \/>\n<meta property=\"og:locale\" content=\"fr_FR\" \/>\n<meta property=\"og:type\" content=\"article\" \/>\n<meta property=\"og:title\" content=\"Mentions l\u00e9gales - DFX PICTURES\" \/>\n<meta property=\"og:description\" content=\"Ce site internet est \u00e9dit\u00e9 par Damien FAYEAUX et ci-dessous d\u00e9sign\u00e9 par \u00ab\u00a0l&rsquo;Auteur\u00a0\u00bb. Il vise \u00e0 pr\u00e9senter le travail photographique de l\u2019Auteur. Toutes les photographies de ce site sont la propri\u00e9t\u00e9 exclusive de l&rsquo;Auteur et prot\u00e9g\u00e9es par les lois internationales sur le copyright et le Code de la Propri\u00e9t\u00e9 Intellectuelle.&nbsp;Ainsi, toute repr\u00e9sentation ou reproduction totale [&hellip;]\" \/>\n<meta property=\"og:url\" content=\"https:\/\/dfxpictures.com\/?page_id=118\" \/>\n<meta property=\"og:site_name\" content=\"DFX PICTURES\" \/>\n<meta property=\"article:modified_time\" content=\"2025-01-08T09:28:00+00:00\" \/>\n<meta name=\"twitter:card\" content=\"summary_large_image\" \/>\n<meta name=\"twitter:label1\" content=\"Dur\u00e9e de lecture estim\u00e9e\" \/>\n\t<meta name=\"twitter:data1\" content=\"1 minute\" \/>\n<script type=\"application\/ld+json\" class=\"yoast-schema-graph\">{\"@context\":\"https:\/\/schema.org\",\"@graph\":[{\"@type\":\"WebPage\",\"@id\":\"https:\/\/dfxpictures.com\/?page_id=118\",\"url\":\"https:\/\/dfxpictures.com\/?page_id=118\",\"name\":\"Mentions l\u00e9gales - DFX PICTURES\",\"isPartOf\":{\"@id\":\"https:\/\/dfxpictures.com\/#website\"},\"datePublished\":\"2025-01-02T13:13:50+00:00\",\"dateModified\":\"2025-01-08T09:28:00+00:00\",\"breadcrumb\":{\"@id\":\"https:\/\/dfxpictures.com\/?page_id=118#breadcrumb\"},\"inLanguage\":\"fr-FR\",\"potentialAction\":[{\"@type\":\"ReadAction\",\"target\":[\"https:\/\/dfxpictures.com\/?page_id=118\"]}]},{\"@type\":\"BreadcrumbList\",\"@id\":\"https:\/\/dfxpictures.com\/?page_id=118#breadcrumb\",\"itemListElement\":[{\"@type\":\"ListItem\",\"position\":1,\"name\":\"Accueil\",\"item\":\"https:\/\/dfxpictures.com\/\"},{\"@type\":\"ListItem\",\"position\":2,\"name\":\"Bienvenue sur DFX Pictures\",\"item\":\"https:\/\/dfxpictures.com\/\"},{\"@type\":\"ListItem\",\"position\":3,\"name\":\"Mentions l\u00e9gales\"}]},{\"@type\":\"WebSite\",\"@id\":\"https:\/\/dfxpictures.com\/#website\",\"url\":\"https:\/\/dfxpictures.com\/\",\"name\":\"DFX PICTURES\",\"description\":\"Chercher, observer. Capturer l\u2019instant, le rendre \u00e9ternel.\",\"publisher\":{\"@id\":\"https:\/\/dfxpictures.com\/#organization\"},\"potentialAction\":[{\"@type\":\"SearchAction\",\"target\":{\"@type\":\"EntryPoint\",\"urlTemplate\":\"https:\/\/dfxpictures.com\/?s={search_term_string}\"},\"query-input\":{\"@type\":\"PropertyValueSpecification\",\"valueRequired\":true,\"valueName\":\"search_term_string\"}}],\"inLanguage\":\"fr-FR\"},{\"@type\":\"Organization\",\"@id\":\"https:\/\/dfxpictures.com\/#organization\",\"name\":\"DFX PICTURES\",\"url\":\"https:\/\/dfxpictures.com\/\",\"logo\":{\"@type\":\"ImageObject\",\"inLanguage\":\"fr-FR\",\"@id\":\"https:\/\/dfxpictures.com\/#\/schema\/logo\/image\/\",\"url\":\"https:\/\/dfxpictures.com\/wp-content\/uploads\/2025\/01\/2025Plan-de-travail-1@0.5xB-2.png\",\"contentUrl\":\"https:\/\/dfxpictures.com\/wp-content\/uploads\/2025\/01\/2025Plan-de-travail-1@0.5xB-2.png\",\"width\":500,\"height\":200,\"caption\":\"DFX PICTURES\"},\"image\":{\"@id\":\"https:\/\/dfxpictures.com\/#\/schema\/logo\/image\/\"},\"sameAs\":[\"https:\/\/www.instagram.com\/dfx_pics\/\"]}]}<\/script>\n<!-- \/ Yoast SEO plugin. -->","yoast_head_json":{"title":"Mentions l\u00e9gales - DFX PICTURES","robots":{"index":"index","follow":"follow","max-snippet":"max-snippet:-1","max-image-preview":"max-image-preview:large","max-video-preview":"max-video-preview:-1"},"canonical":"https:\/\/dfxpictures.com\/?page_id=118","og_locale":"fr_FR","og_type":"article","og_title":"Mentions l\u00e9gales - DFX PICTURES","og_description":"Ce site internet est \u00e9dit\u00e9 par Damien FAYEAUX et ci-dessous d\u00e9sign\u00e9 par \u00ab\u00a0l&rsquo;Auteur\u00a0\u00bb. Il vise \u00e0 pr\u00e9senter le travail photographique de l\u2019Auteur. Toutes les photographies de ce site sont la propri\u00e9t\u00e9 exclusive de l&rsquo;Auteur et prot\u00e9g\u00e9es par les lois internationales sur le copyright et le Code de la Propri\u00e9t\u00e9 Intellectuelle.&nbsp;Ainsi, toute repr\u00e9sentation ou reproduction totale [&hellip;]","og_url":"https:\/\/dfxpictures.com\/?page_id=118","og_site_name":"DFX PICTURES","article_modified_time":"2025-01-08T09:28:00+00:00","twitter_card":"summary_large_image","twitter_misc":{"Dur\u00e9e de lecture estim\u00e9e":"1 minute"},"schema":{"@context":"https:\/\/schema.org","@graph":[{"@type":"WebPage","@id":"https:\/\/dfxpictures.com\/?page_id=118","url":"https:\/\/dfxpictures.com\/?page_id=118","name":"Mentions l\u00e9gales - DFX PICTURES","isPartOf":{"@id":"https:\/\/dfxpictures.com\/#website"},"datePublished":"2025-01-02T13:13:50+00:00","dateModified":"2025-01-08T09:28:00+00:00","breadcrumb":{"@id":"https:\/\/dfxpictures.com\/?page_id=118#breadcrumb"},"inLanguage":"fr-FR","potentialAction":[{"@type":"ReadAction","target":["https:\/\/dfxpictures.com\/?page_id=118"]}]},{"@type":"BreadcrumbList","@id":"https:\/\/dfxpictures.com\/?page_id=118#breadcrumb","itemListElement":[{"@type":"ListItem","position":1,"name":"Accueil","item":"https:\/\/dfxpictures.com\/"},{"@type":"ListItem","position":2,"name":"Bienvenue sur DFX Pictures","item":"https:\/\/dfxpictures.com\/"},{"@type":"ListItem","position":3,"name":"Mentions l\u00e9gales"}]},{"@type":"WebSite","@id":"https:\/\/dfxpictures.com\/#website","url":"https:\/\/dfxpictures.com\/","name":"DFX PICTURES","description":"Chercher, observer. Capturer l\u2019instant, le rendre \u00e9ternel.","publisher":{"@id":"https:\/\/dfxpictures.com\/#organization"},"potentialAction":[{"@type":"SearchAction","target":{"@type":"EntryPoint","urlTemplate":"https:\/\/dfxpictures.com\/?s={search_term_string}"},"query-input":{"@type":"PropertyValueSpecification","valueRequired":true,"valueName":"search_term_string"}}],"inLanguage":"fr-FR"},{"@type":"Organization","@id":"https:\/\/dfxpictures.com\/#organization","name":"DFX PICTURES","url":"https:\/\/dfxpictures.com\/","logo":{"@type":"ImageObject","inLanguage":"fr-FR","@id":"https:\/\/dfxpictures.com\/#\/schema\/logo\/image\/","url":"https:\/\/dfxpictures.com\/wp-content\/uploads\/2025\/01\/2025Plan-de-travail-1@0.5xB-2.png","contentUrl":"https:\/\/dfxpictures.com\/wp-content\/uploads\/2025\/01\/2025Plan-de-travail-1@0.5xB-2.png","width":500,"height":200,"caption":"DFX PICTURES"},"image":{"@id":"https:\/\/dfxpictures.com\/#\/schema\/logo\/image\/"},"sameAs":["https:\/\/www.instagram.com\/dfx_pics\/"]}]}},"_links":{"self":[{"href":"https:\/\/dfxpictures.com\/index.php?rest_route=\/wp\/v2\/pages\/118","targetHints":{"allow":["GET"]}}],"collection":[{"href":"https:\/\/dfxpictures.com\/index.php?rest_route=\/wp\/v2\/pages"}],"about":[{"href":"https:\/\/dfxpictures.com\/index.php?rest_route=\/wp\/v2\/types\/page"}],"author":[{"embeddable":true,"href":"https:\/\/dfxpictures.com\/index.php?rest_route=\/wp\/v2\/users\/1"}],"replies":[{"embeddable":true,"href":"https:\/\/dfxpictures.com\/index.php?rest_route=%2Fwp%2Fv2%2Fcomments&post=118"}],"version-history":[{"count":2,"href":"https:\/\/dfxpictures.com\/index.php?rest_route=\/wp\/v2\/pages\/118\/revisions"}],"predecessor-version":[{"id":252,"href":"https:\/\/dfxpictures.com\/index.php?rest_route=\/wp\/v2\/pages\/118\/revisions\/252"}],"up":[{"embeddable":true,"href":"https:\/\/dfxpictures.com\/index.php?rest_route=\/wp\/v2\/pages\/73"}],"wp:attachment":[{"href":"https:\/\/dfxpictures.com\/index.php?rest_route=%2Fwp%2Fv2%2Fmedia&parent=118"}],"curies":[{"name":"wp","href":"https:\/\/api.w.org\/{rel}","templated":true}]}}