{"id":73,"date":"2025-01-02T11:58:42","date_gmt":"2025-01-02T10:58:42","guid":{"rendered":"https:\/\/dfxpictures.com\/?page_id=73"},"modified":"2026-02-24T21:33:42","modified_gmt":"2026-02-24T20:33:42","slug":"73-2","status":"publish","type":"page","link":"https:\/\/dfxpictures.com\/","title":{"rendered":"Bienvenue sur DFX Pictures"},"content":{"rendered":"\n<p class=\"has-small-font-size wp-block-paragraph\">La nature est une \u0153uvre d&rsquo;art vivante, en perp\u00e9tuelle \u00e9volution. \u00c0 travers l&rsquo;objectif de mon appareil photo, je vous invite \u00e0 d\u00e9couvrir la beaut\u00e9 sauvage et la po\u00e9sie qui se cachent dans chaque paysage, chaque instant.\u00a0Ce travail photographique est une invitation \u00e0 prendre un moment pour observer, pour s&rsquo;\u00e9merveiller, pour red\u00e9couvrir notre lien profond avec la nature. <\/p>\n\n\n\n<p class=\"has-small-font-size wp-block-paragraph\">Chaque image que vous trouverez ici raconte une histoire, une \u00e9motion, une rencontre\u2026 Qu\u2019il s\u2019agisse d\u2019une majestueuse silhouette d\u2019animal ou d\u2019un paysage silencieux, chaque clich\u00e9 est un t\u00e9moignage de la beaut\u00e9 fragile et sauvage qui nous entoure.<\/p>\n\n\n\n<p class=\"has-small-font-size wp-block-paragraph\">Explorez, laissez-vous inspirer et n\u2019h\u00e9sitez pas \u00e0 me contacter pour en savoir plus ou pour toute demande sp\u00e9cifique. Je serais ravi d&rsquo;\u00e9changer avec vous.<\/p>\n\n\n        <div\n            class=\"spotlight-instagram-feed\"\n            data-feed-var=\"e4c4e1cb\"\n            data-analytics=\"0\"\n            data-instance=\"73\"\n        >\n        <\/div>\n        <input type=\"hidden\" id=\"sli__f__e4c4e1cb\" data-json='{&quot;useCase&quot;:&quot;accounts&quot;,&quot;template&quot;:&quot;gallery&quot;,&quot;layout&quot;:&quot;grid&quot;,&quot;numColumns&quot;:{&quot;desktop&quot;:5,&quot;tablet&quot;:4,&quot;phone&quot;:3},&quot;highlightFreq&quot;:{&quot;desktop&quot;:7},&quot;sliderNumScrollPosts&quot;:{&quot;desktop&quot;:1},&quot;sliderInfinite&quot;:true,&quot;sliderLoop&quot;:false,&quot;sliderArrowPos&quot;:{&quot;desktop&quot;:&quot;inside&quot;},&quot;sliderArrowSize&quot;:{&quot;desktop&quot;:20},&quot;sliderArrowColor&quot;:{&quot;r&quot;:255,&quot;b&quot;:255,&quot;g&quot;:255,&quot;a&quot;:1},&quot;sliderArrowBgColor&quot;:{&quot;r&quot;:0,&quot;b&quot;:0,&quot;g&quot;:0,&quot;a&quot;:0.8},&quot;sliderAutoScroll&quot;:false,&quot;sliderAutoInterval&quot;:3,&quot;postOrder&quot;:&quot;date_desc&quot;,&quot;numPosts&quot;:{&quot;desktop&quot;:25,&quot;tablet&quot;:12,&quot;phone&quot;:9},&quot;linkBehavior&quot;:{&quot;desktop&quot;:&quot;lightbox&quot;},&quot;feedWidth&quot;:{&quot;desktop&quot;:&quot;&quot;},&quot;feedHeight&quot;:{&quot;desktop&quot;:&quot;&quot;},&quot;feedPadding&quot;:{&quot;desktop&quot;:0,&quot;tablet&quot;:0,&quot;phone&quot;:0},&quot;imgPadding&quot;:{&quot;desktop&quot;:0,&quot;tablet&quot;:0,&quot;phone&quot;:0},&quot;textSize&quot;:{&quot;desktop&quot;:&quot;&quot;,&quot;tablet&quot;:&quot;&quot;,&quot;phone&quot;:&quot;&quot;},&quot;bgColor&quot;:{&quot;r&quot;:255,&quot;g&quot;:255,&quot;b&quot;:255,&quot;a&quot;:0},&quot;hoverInfo&quot;:[&quot;likes_comments&quot;,&quot;insta_link&quot;],&quot;textColorHover&quot;:{&quot;r&quot;:255,&quot;g&quot;:255,&quot;b&quot;:255,&quot;a&quot;:1},&quot;bgColorHover&quot;:{&quot;r&quot;:0,&quot;g&quot;:0,&quot;b&quot;:0,&quot;a&quot;:0.5},&quot;showHeader&quot;:{&quot;desktop&quot;:false},&quot;headerInfo&quot;:{&quot;desktop&quot;:[&quot;profile_pic&quot;,&quot;bio&quot;]},&quot;headerAccount&quot;:5,&quot;headerStyle&quot;:{&quot;desktop&quot;:&quot;normal&quot;,&quot;phone&quot;:&quot;centered&quot;},&quot;headerTextSize&quot;:{&quot;desktop&quot;:&quot;&quot;},&quot;headerPhotoSize&quot;:{&quot;desktop&quot;:50},&quot;headerTextColor&quot;:{&quot;r&quot;:0,&quot;g&quot;:0,&quot;b&quot;:0,&quot;a&quot;:1},&quot;headerBgColor&quot;:{&quot;r&quot;:255,&quot;g&quot;:255,&quot;b&quot;:255,&quot;a&quot;:1},&quot;headerPadding&quot;:{&quot;desktop&quot;:0},&quot;customProfilePic&quot;:0,&quot;customBioText&quot;:&quot;&quot;,&quot;includeStories&quot;:false,&quot;storiesInterval&quot;:5,&quot;showCaptions&quot;:{&quot;desktop&quot;:false},&quot;captionMaxLength&quot;:{&quot;desktop&quot;:0},&quot;captionRemoveDots&quot;:false,&quot;captionSize&quot;:{&quot;desktop&quot;:0},&quot;captionColor&quot;:{&quot;r&quot;:0,&quot;g&quot;:0,&quot;b&quot;:0,&quot;a&quot;:1},&quot;showLikes&quot;:{&quot;desktop&quot;:false},&quot;showComments&quot;:{&quot;desktop&quot;:false},&quot;lcIconSize&quot;:{&quot;desktop&quot;:14},&quot;likesIconColor&quot;:{&quot;r&quot;:0,&quot;g&quot;:0,&quot;b&quot;:0,&quot;a&quot;:1},&quot;commentsIconColor&quot;:{&quot;r&quot;:0,&quot;g&quot;:0,&quot;b&quot;:0,&quot;a&quot;:1},&quot;lightboxShowSidebar&quot;:false,&quot;lightboxCtaStyle&quot;:&quot;link&quot;,&quot;lightboxCtaDesign&quot;:{&quot;text&quot;:{&quot;color&quot;:{&quot;r&quot;:0,&quot;g&quot;:0,&quot;b&quot;:0,&quot;a&quot;:1},&quot;align&quot;:&quot;center&quot;},&quot;bgColor&quot;:{&quot;r&quot;:230,&quot;g&quot;:230,&quot;b&quot;:230,&quot;a&quot;:1},&quot;border&quot;:{&quot;radius&quot;:3}},&quot;numLightboxComments&quot;:50,&quot;showLoadMoreBtn&quot;:{&quot;desktop&quot;:false},&quot;loadMoreBtnDesign&quot;:{&quot;text&quot;:{&quot;color&quot;:{&quot;r&quot;:255,&quot;g&quot;:255,&quot;b&quot;:255,&quot;a&quot;:1},&quot;align&quot;:&quot;center&quot;},&quot;border&quot;:{&quot;radius&quot;:3},&quot;bgColor&quot;:{&quot;r&quot;:0,&quot;g&quot;:149,&quot;b&quot;:246,&quot;a&quot;:1},&quot;margin&quot;:{&quot;top&quot;:0,&quot;bottom&quot;:0,&quot;left&quot;:0,&quot;right&quot;:0}},&quot;loadMoreBtnText&quot;:&quot;Load more&quot;,&quot;loadMoreBtnScroll&quot;:true,&quot;autoload&quot;:false,&quot;showFollowBtn&quot;:{&quot;desktop&quot;:false,&quot;phone&quot;:false,&quot;tablet&quot;:false},&quot;followBtnText&quot;:&quot;Follow on Instagram&quot;,&quot;followBtnDesign&quot;:{&quot;text&quot;:{&quot;color&quot;:{&quot;r&quot;:255,&quot;g&quot;:255,&quot;b&quot;:255,&quot;a&quot;:1},&quot;align&quot;:&quot;center&quot;},&quot;border&quot;:{&quot;radius&quot;:3},&quot;bgColor&quot;:{&quot;r&quot;:0,&quot;g&quot;:149,&quot;b&quot;:246,&quot;a&quot;:1},&quot;margin&quot;:{&quot;top&quot;:0,&quot;bottom&quot;:0,&quot;left&quot;:0,&quot;right&quot;:0}},&quot;followBtnLocation&quot;:{&quot;desktop&quot;:&quot;header&quot;,&quot;phone&quot;:&quot;bottom&quot;},&quot;alignFooterButtons&quot;:{&quot;desktop&quot;:false},&quot;customCss&quot;:&quot;\\\/* Enter your custom CSS below *\\\/\\n\\n&quot;,&quot;accounts&quot;:[368],&quot;tagged&quot;:[],&quot;hashtags&quot;:[],&quot;mediaType&quot;:&quot;all&quot;,&quot;hashtagWhitelist&quot;:[],&quot;hashtagBlacklist&quot;:[],&quot;captionWhitelist&quot;:[],&quot;captionBlacklist&quot;:[],&quot;hashtagWhitelistSettings&quot;:true,&quot;hashtagBlacklistSettings&quot;:true,&quot;captionWhitelistSettings&quot;:true,&quot;captionBlacklistSettings&quot;:true,&quot;moderation&quot;:[],&quot;moderationMode&quot;:&quot;blacklist&quot;,&quot;promosVersion&quot;:2,&quot;promosEnabled&quot;:true,&quot;globalPromosEnabled&quot;:true,&quot;autoPromosEnabled&quot;:true,&quot;promoOverrides&quot;:[],&quot;feedPromo&quot;:{&quot;linkSource&quot;:{&quot;type&quot;:null},&quot;linkBehavior&quot;:{&quot;openNewTab&quot;:false,&quot;showPopupBox&quot;:false},&quot;linkText&quot;:&quot;&quot;},&quot;gaCampaignSource&quot;:&quot;&quot;,&quot;gaCampaignMedium&quot;:&quot;&quot;,&quot;gaCampaignName&quot;:&quot;&quot;,&quot;className&quot;:&quot;&quot;}' \/>\n        <input type=\"hidden\" id=\"sli__a__e4c4e1cb\" data-json='[{&quot;id&quot;:368,&quot;type&quot;:&quot;PERSONAL&quot;,&quot;userId&quot;:&quot;28152042124444376&quot;,&quot;username&quot;:&quot;dfx_pics&quot;,&quot;bio&quot;:&quot;&quot;,&quot;customBio&quot;:&quot;&quot;,&quot;profilePicUrl&quot;:&quot;&quot;,&quot;customProfilePicUrl&quot;:&quot;&quot;,&quot;mediaCount&quot;:&quot;266&quot;,&quot;followersCount&quot;:&quot;0&quot;,&quot;usages&quot;:[],&quot;creationDate&quot;:&quot;2025-01-08 17:24:58&quot;}]' \/>\n        <input type=\"hidden\" id=\"sli__m__e4c4e1cb\" data-json='[]' \/>\n        ","protected":false},"excerpt":{"rendered":"<p>La nature est une \u0153uvre d&rsquo;art vivante, en perp\u00e9tuelle \u00e9volution. \u00c0 travers l&rsquo;objectif de mon appareil photo, je vous invite \u00e0 d\u00e9couvrir la beaut\u00e9 sauvage et la po\u00e9sie qui se cachent dans chaque paysage, chaque instant.\u00a0Ce travail photographique est une invitation \u00e0 prendre un moment pour observer, pour s&rsquo;\u00e9merveiller, pour red\u00e9couvrir notre lien profond avec [&hellip;]<\/p>\n","protected":false},"author":1,"featured_media":0,"parent":0,"menu_order":0,"comment_status":"closed","ping_status":"closed","template":"template-nosidebar.php","meta":{"_crdt_document":"","footnotes":""},"class_list":["post-73","page","type-page","status-publish","hentry","post-preview"],"yoast_head":"<!-- This site is optimized with the Yoast SEO plugin v24.2 - https:\/\/yoast.com\/wordpress\/plugins\/seo\/ -->\n<title>Bienvenue sur DFX Pictures - DFX PICTURES<\/title>\n<meta name=\"robots\" content=\"index, follow, max-snippet:-1, max-image-preview:large, max-video-preview:-1\" \/>\n<link rel=\"canonical\" href=\"https:\/\/dfxpictures.com\/\" \/>\n<meta property=\"og:locale\" content=\"fr_FR\" \/>\n<meta property=\"og:type\" content=\"article\" \/>\n<meta property=\"og:title\" content=\"Bienvenue sur DFX Pictures - DFX PICTURES\" \/>\n<meta property=\"og:description\" content=\"La nature est une \u0153uvre d&rsquo;art vivante, en perp\u00e9tuelle \u00e9volution. \u00c0 travers l&rsquo;objectif de mon appareil photo, je vous invite \u00e0 d\u00e9couvrir la beaut\u00e9 sauvage et la po\u00e9sie qui se cachent dans chaque paysage, chaque instant.\u00a0Ce travail photographique est une invitation \u00e0 prendre un moment pour observer, pour s&rsquo;\u00e9merveiller, pour red\u00e9couvrir notre lien profond avec [&hellip;]\" \/>\n<meta property=\"og:url\" content=\"https:\/\/dfxpictures.com\/\" \/>\n<meta property=\"og:site_name\" content=\"DFX PICTURES\" \/>\n<meta property=\"article:modified_time\" content=\"2026-02-24T20:33:42+00:00\" \/>\n<meta name=\"twitter:card\" content=\"summary_large_image\" \/>\n<meta name=\"twitter:label1\" content=\"Dur\u00e9e de lecture estim\u00e9e\" \/>\n\t<meta name=\"twitter:data1\" content=\"1 minute\" \/>\n<script type=\"application\/ld+json\" class=\"yoast-schema-graph\">{\"@context\":\"https:\/\/schema.org\",\"@graph\":[{\"@type\":\"WebPage\",\"@id\":\"https:\/\/dfxpictures.com\/\",\"url\":\"https:\/\/dfxpictures.com\/\",\"name\":\"Bienvenue sur DFX Pictures - DFX PICTURES\",\"isPartOf\":{\"@id\":\"https:\/\/dfxpictures.com\/#website\"},\"datePublished\":\"2025-01-02T10:58:42+00:00\",\"dateModified\":\"2026-02-24T20:33:42+00:00\",\"breadcrumb\":{\"@id\":\"https:\/\/dfxpictures.com\/#breadcrumb\"},\"inLanguage\":\"fr-FR\",\"potentialAction\":[{\"@type\":\"ReadAction\",\"target\":[\"https:\/\/dfxpictures.com\/\"]}]},{\"@type\":\"BreadcrumbList\",\"@id\":\"https:\/\/dfxpictures.com\/#breadcrumb\",\"itemListElement\":[{\"@type\":\"ListItem\",\"position\":1,\"name\":\"Accueil\",\"item\":\"https:\/\/dfxpictures.com\/\"},{\"@type\":\"ListItem\",\"position\":2,\"name\":\"Bienvenue sur DFX Pictures\"}]},{\"@type\":\"WebSite\",\"@id\":\"https:\/\/dfxpictures.com\/#website\",\"url\":\"https:\/\/dfxpictures.com\/\",\"name\":\"DFX PICTURES\",\"description\":\"Chercher, observer. Capturer l\u2019instant, le rendre \u00e9ternel.\",\"publisher\":{\"@id\":\"https:\/\/dfxpictures.com\/#organization\"},\"potentialAction\":[{\"@type\":\"SearchAction\",\"target\":{\"@type\":\"EntryPoint\",\"urlTemplate\":\"https:\/\/dfxpictures.com\/?s={search_term_string}\"},\"query-input\":{\"@type\":\"PropertyValueSpecification\",\"valueRequired\":true,\"valueName\":\"search_term_string\"}}],\"inLanguage\":\"fr-FR\"},{\"@type\":\"Organization\",\"@id\":\"https:\/\/dfxpictures.com\/#organization\",\"name\":\"DFX PICTURES\",\"url\":\"https:\/\/dfxpictures.com\/\",\"logo\":{\"@type\":\"ImageObject\",\"inLanguage\":\"fr-FR\",\"@id\":\"https:\/\/dfxpictures.com\/#\/schema\/logo\/image\/\",\"url\":\"https:\/\/dfxpictures.com\/wp-content\/uploads\/2025\/01\/2025Plan-de-travail-1@0.5xB-2.png\",\"contentUrl\":\"https:\/\/dfxpictures.com\/wp-content\/uploads\/2025\/01\/2025Plan-de-travail-1@0.5xB-2.png\",\"width\":500,\"height\":200,\"caption\":\"DFX PICTURES\"},\"image\":{\"@id\":\"https:\/\/dfxpictures.com\/#\/schema\/logo\/image\/\"},\"sameAs\":[\"https:\/\/www.instagram.com\/dfx_pics\/\"]}]}<\/script>\n<!-- \/ Yoast SEO plugin. -->","yoast_head_json":{"title":"Bienvenue sur DFX Pictures - DFX PICTURES","robots":{"index":"index","follow":"follow","max-snippet":"max-snippet:-1","max-image-preview":"max-image-preview:large","max-video-preview":"max-video-preview:-1"},"canonical":"https:\/\/dfxpictures.com\/","og_locale":"fr_FR","og_type":"article","og_title":"Bienvenue sur DFX Pictures - DFX PICTURES","og_description":"La nature est une \u0153uvre d&rsquo;art vivante, en perp\u00e9tuelle \u00e9volution. \u00c0 travers l&rsquo;objectif de mon appareil photo, je vous invite \u00e0 d\u00e9couvrir la beaut\u00e9 sauvage et la po\u00e9sie qui se cachent dans chaque paysage, chaque instant.\u00a0Ce travail photographique est une invitation \u00e0 prendre un moment pour observer, pour s&rsquo;\u00e9merveiller, pour red\u00e9couvrir notre lien profond avec [&hellip;]","og_url":"https:\/\/dfxpictures.com\/","og_site_name":"DFX PICTURES","article_modified_time":"2026-02-24T20:33:42+00:00","twitter_card":"summary_large_image","twitter_misc":{"Dur\u00e9e de lecture estim\u00e9e":"1 minute"},"schema":{"@context":"https:\/\/schema.org","@graph":[{"@type":"WebPage","@id":"https:\/\/dfxpictures.com\/","url":"https:\/\/dfxpictures.com\/","name":"Bienvenue sur DFX Pictures - DFX PICTURES","isPartOf":{"@id":"https:\/\/dfxpictures.com\/#website"},"datePublished":"2025-01-02T10:58:42+00:00","dateModified":"2026-02-24T20:33:42+00:00","breadcrumb":{"@id":"https:\/\/dfxpictures.com\/#breadcrumb"},"inLanguage":"fr-FR","potentialAction":[{"@type":"ReadAction","target":["https:\/\/dfxpictures.com\/"]}]},{"@type":"BreadcrumbList","@id":"https:\/\/dfxpictures.com\/#breadcrumb","itemListElement":[{"@type":"ListItem","position":1,"name":"Accueil","item":"https:\/\/dfxpictures.com\/"},{"@type":"ListItem","position":2,"name":"Bienvenue sur DFX Pictures"}]},{"@type":"WebSite","@id":"https:\/\/dfxpictures.com\/#website","url":"https:\/\/dfxpictures.com\/","name":"DFX PICTURES","description":"Chercher, observer. Capturer l\u2019instant, le rendre \u00e9ternel.","publisher":{"@id":"https:\/\/dfxpictures.com\/#organization"},"potentialAction":[{"@type":"SearchAction","target":{"@type":"EntryPoint","urlTemplate":"https:\/\/dfxpictures.com\/?s={search_term_string}"},"query-input":{"@type":"PropertyValueSpecification","valueRequired":true,"valueName":"search_term_string"}}],"inLanguage":"fr-FR"},{"@type":"Organization","@id":"https:\/\/dfxpictures.com\/#organization","name":"DFX PICTURES","url":"https:\/\/dfxpictures.com\/","logo":{"@type":"ImageObject","inLanguage":"fr-FR","@id":"https:\/\/dfxpictures.com\/#\/schema\/logo\/image\/","url":"https:\/\/dfxpictures.com\/wp-content\/uploads\/2025\/01\/2025Plan-de-travail-1@0.5xB-2.png","contentUrl":"https:\/\/dfxpictures.com\/wp-content\/uploads\/2025\/01\/2025Plan-de-travail-1@0.5xB-2.png","width":500,"height":200,"caption":"DFX PICTURES"},"image":{"@id":"https:\/\/dfxpictures.com\/#\/schema\/logo\/image\/"},"sameAs":["https:\/\/www.instagram.com\/dfx_pics\/"]}]}},"_links":{"self":[{"href":"https:\/\/dfxpictures.com\/index.php?rest_route=\/wp\/v2\/pages\/73","targetHints":{"allow":["GET"]}}],"collection":[{"href":"https:\/\/dfxpictures.com\/index.php?rest_route=\/wp\/v2\/pages"}],"about":[{"href":"https:\/\/dfxpictures.com\/index.php?rest_route=\/wp\/v2\/types\/page"}],"author":[{"embeddable":true,"href":"https:\/\/dfxpictures.com\/index.php?rest_route=\/wp\/v2\/users\/1"}],"replies":[{"embeddable":true,"href":"https:\/\/dfxpictures.com\/index.php?rest_route=%2Fwp%2Fv2%2Fcomments&post=73"}],"version-history":[{"count":10,"href":"https:\/\/dfxpictures.com\/index.php?rest_route=\/wp\/v2\/pages\/73\/revisions"}],"predecessor-version":[{"id":622,"href":"https:\/\/dfxpictures.com\/index.php?rest_route=\/wp\/v2\/pages\/73\/revisions\/622"}],"wp:attachment":[{"href":"https:\/\/dfxpictures.com\/index.php?rest_route=%2Fwp%2Fv2%2Fmedia&parent=73"}],"curies":[{"name":"wp","href":"https:\/\/api.w.org\/{rel}","templated":true}]}}